{"id":448,"date":"2019-12-10T13:40:49","date_gmt":"2019-12-10T11:40:49","guid":{"rendered":"https:\/\/www.samos-hotel.gr\/activities\/"},"modified":"2021-03-09T11:37:17","modified_gmt":"2021-03-09T09:37:17","slug":"activities","status":"publish","type":"page","link":"https:\/\/aphroditesamossuites.com\/de\/activities\/","title":{"rendered":"Aktivit\u00e4ten"},"content":{"rendered":"<p>Samos ist eine Insel von gro\u00dfer nat\u00fcrlicher Sch\u00f6nheit mit historischen St\u00e4tten, viel Gr\u00fcn, versteckten Str\u00e4nden und malerischen D\u00f6rfern, die alle einen Besuch wert sind. Einige der Hauptattraktionen von Samos sind folgende.<\/p>\n","protected":false},"excerpt":{"rendered":"<p>Samos ist eine Insel von gro\u00dfer nat\u00fcrlicher Sch\u00f6nheit mit historischen St\u00e4tten, viel Gr\u00fcn, versteckten Str\u00e4nden und malerischen D\u00f6rfern, die alle einen Besuch wert sind. Einige der Hauptattraktionen von Samos sind folgende.<\/p>\n","protected":false},"author":1,"featured_media":0,"parent":0,"menu_order":0,"comment_status":"closed","ping_status":"closed","template":"kobo\/activities.php","meta":{"_acf_changed":false,"footnotes":""},"class_list":["post-448","page","type-page","status-publish","hentry","entry","no-media"],"acf":[],"aioseo_notices":[],"_links":{"self":[{"href":"https:\/\/aphroditesamossuites.com\/de\/wp-json\/wp\/v2\/pages\/448","targetHints":{"allow":["GET"]}}],"collection":[{"href":"https:\/\/aphroditesamossuites.com\/de\/wp-json\/wp\/v2\/pages"}],"about":[{"href":"https:\/\/aphroditesamossuites.com\/de\/wp-json\/wp\/v2\/types\/page"}],"author":[{"embeddable":true,"href":"https:\/\/aphroditesamossuites.com\/de\/wp-json\/wp\/v2\/users\/1"}],"replies":[{"embeddable":true,"href":"https:\/\/aphroditesamossuites.com\/de\/wp-json\/wp\/v2\/comments?post=448"}],"version-history":[{"count":1,"href":"https:\/\/aphroditesamossuites.com\/de\/wp-json\/wp\/v2\/pages\/448\/revisions"}],"predecessor-version":[{"id":688,"href":"https:\/\/aphroditesamossuites.com\/de\/wp-json\/wp\/v2\/pages\/448\/revisions\/688"}],"wp:attachment":[{"href":"https:\/\/aphroditesamossuites.com\/de\/wp-json\/wp\/v2\/media?parent=448"}],"curies":[{"name":"wp","href":"https:\/\/api.w.org\/{rel}","templated":true}]}}