{"id":450,"date":"2019-12-10T13:34:32","date_gmt":"2019-12-10T11:34:32","guid":{"rendered":"https:\/\/www.samos-hotel.gr\/beaches\/"},"modified":"2021-03-09T11:36:59","modified_gmt":"2021-03-09T09:36:59","slug":"beaches","status":"publish","type":"page","link":"https:\/\/aphroditesamossuites.com\/de\/beaches\/","title":{"rendered":"Str\u00e4nde"},"content":{"rendered":"<p>Die Str\u00e4nde von Samos sind wundersch\u00f6n mit einer feinen Mischung aus Sand und Kieselsteinen und Saphirglas. Alle Str\u00e4nde sind gro\u00dfartig, einige mit der blauen Flagge ausgezeichnet und einige versteckt, um erkundet zu werden. Unten befinden sich einige Str\u00e4nde in unmittelbarer N\u00e4he des Hotels.<\/p>\n","protected":false},"excerpt":{"rendered":"<p>Die Str\u00e4nde von Samos sind wundersch\u00f6n mit einer feinen Mischung aus Sand und Kieselsteinen und Saphirglas. Alle Str\u00e4nde sind gro\u00dfartig, einige mit der blauen Flagge ausgezeichnet und einige versteckt, um erkundet zu werden. Unten befinden sich einige Str\u00e4nde in unmittelbarer&hellip;<\/p>\n","protected":false},"author":1,"featured_media":0,"parent":0,"menu_order":0,"comment_status":"closed","ping_status":"closed","template":"kobo\/beaches.php","meta":{"_acf_changed":false,"footnotes":""},"class_list":["post-450","page","type-page","status-publish","hentry","entry","no-media"],"acf":[],"aioseo_notices":[],"_links":{"self":[{"href":"https:\/\/aphroditesamossuites.com\/de\/wp-json\/wp\/v2\/pages\/450","targetHints":{"allow":["GET"]}}],"collection":[{"href":"https:\/\/aphroditesamossuites.com\/de\/wp-json\/wp\/v2\/pages"}],"about":[{"href":"https:\/\/aphroditesamossuites.com\/de\/wp-json\/wp\/v2\/types\/page"}],"author":[{"embeddable":true,"href":"https:\/\/aphroditesamossuites.com\/de\/wp-json\/wp\/v2\/users\/1"}],"replies":[{"embeddable":true,"href":"https:\/\/aphroditesamossuites.com\/de\/wp-json\/wp\/v2\/comments?post=450"}],"version-history":[{"count":2,"href":"https:\/\/aphroditesamossuites.com\/de\/wp-json\/wp\/v2\/pages\/450\/revisions"}],"predecessor-version":[{"id":687,"href":"https:\/\/aphroditesamossuites.com\/de\/wp-json\/wp\/v2\/pages\/450\/revisions\/687"}],"wp:attachment":[{"href":"https:\/\/aphroditesamossuites.com\/de\/wp-json\/wp\/v2\/media?parent=450"}],"curies":[{"name":"wp","href":"https:\/\/api.w.org\/{rel}","templated":true}]}}