{"id":451,"date":"2019-12-10T13:34:32","date_gmt":"2019-12-10T11:34:32","guid":{"rendered":"https:\/\/www.samos-hotel.gr\/beaches\/"},"modified":"2021-03-09T12:05:28","modified_gmt":"2021-03-09T10:05:28","slug":"beaches","status":"publish","type":"page","link":"https:\/\/aphroditesamossuites.com\/tr\/beaches\/","title":{"rendered":"Plajlar\u0131"},"content":{"rendered":"<p>Samos Plajlar\u0131, kum ve \u00e7ak\u0131llar\u0131n ince kar\u0131\u015f\u0131m\u0131 ve safir kristal benzeri sularla muhte\u015femdir. T\u00fcm plajlar muhte\u015femdir, baz\u0131lar\u0131 mavi bayrakla \u00f6d\u00fcllendirilmi\u015ftir ve baz\u0131lar\u0131 ke\u015ffedilmek \u00fczere gizlenmi\u015ftir. A\u015fa\u011f\u0131da otele yak\u0131n baz\u0131 plajlar vard\u0131r.<\/p>\n","protected":false},"excerpt":{"rendered":"<p>Samos Plajlar\u0131, kum ve \u00e7ak\u0131llar\u0131n ince kar\u0131\u015f\u0131m\u0131 ve safir kristal benzeri sularla muhte\u015femdir. T\u00fcm plajlar muhte\u015femdir, baz\u0131lar\u0131 mavi bayrakla \u00f6d\u00fcllendirilmi\u015ftir ve baz\u0131lar\u0131 ke\u015ffedilmek \u00fczere gizlenmi\u015ftir. A\u015fa\u011f\u0131da otele yak\u0131n baz\u0131 plajlar vard\u0131r.<\/p>\n","protected":false},"author":1,"featured_media":0,"parent":0,"menu_order":0,"comment_status":"closed","ping_status":"closed","template":"kobo\/beaches.php","meta":{"_acf_changed":false,"footnotes":""},"class_list":["post-451","page","type-page","status-publish","hentry","entry","no-media"],"acf":[],"aioseo_notices":[],"_links":{"self":[{"href":"https:\/\/aphroditesamossuites.com\/tr\/wp-json\/wp\/v2\/pages\/451","targetHints":{"allow":["GET"]}}],"collection":[{"href":"https:\/\/aphroditesamossuites.com\/tr\/wp-json\/wp\/v2\/pages"}],"about":[{"href":"https:\/\/aphroditesamossuites.com\/tr\/wp-json\/wp\/v2\/types\/page"}],"author":[{"embeddable":true,"href":"https:\/\/aphroditesamossuites.com\/tr\/wp-json\/wp\/v2\/users\/1"}],"replies":[{"embeddable":true,"href":"https:\/\/aphroditesamossuites.com\/tr\/wp-json\/wp\/v2\/comments?post=451"}],"version-history":[{"count":2,"href":"https:\/\/aphroditesamossuites.com\/tr\/wp-json\/wp\/v2\/pages\/451\/revisions"}],"predecessor-version":[{"id":768,"href":"https:\/\/aphroditesamossuites.com\/tr\/wp-json\/wp\/v2\/pages\/451\/revisions\/768"}],"wp:attachment":[{"href":"https:\/\/aphroditesamossuites.com\/tr\/wp-json\/wp\/v2\/media?parent=451"}],"curies":[{"name":"wp","href":"https:\/\/api.w.org\/{rel}","templated":true}]}}