{"id":454,"date":"2019-12-10T13:25:56","date_gmt":"2019-12-10T11:25:56","guid":{"rendered":"https:\/\/www.samos-hotel.gr\/map-access\/"},"modified":"2021-03-09T12:07:19","modified_gmt":"2021-03-09T10:07:19","slug":"map-access","status":"publish","type":"page","link":"https:\/\/aphroditesamossuites.com\/tr\/map-access\/","title":{"rendered":"Yerel Bilgi ve Eri\u015fim"},"content":{"rendered":"<p>Filozof ve matematik\u00e7i Pisagor&#8217;un (Pisagor Theorum), astronom ve matematik\u00e7i Aristarchus&#8217;un (Heliocentrism) ve filozof Epik\u00fcros&#8217;un (Epik\u00fcranizm okulu) do\u011fum yeri Samos, \u00f6nemli bir tarihi mirasa sahip bir adad\u0131r.<\/p>\n","protected":false},"excerpt":{"rendered":"<p>Filozof ve matematik\u00e7i Pisagor&#8217;un (Pisagor Theorum), astronom ve matematik\u00e7i Aristarchus&#8217;un (Heliocentrism) ve filozof Epik\u00fcros&#8217;un (Epik\u00fcranizm okulu) do\u011fum yeri Samos, \u00f6nemli bir tarihi mirasa sahip bir adad\u0131r.<\/p>\n","protected":false},"author":1,"featured_media":0,"parent":0,"menu_order":0,"comment_status":"closed","ping_status":"closed","template":"kobo\/otlocation.php","meta":{"_acf_changed":false,"footnotes":""},"class_list":["post-454","page","type-page","status-publish","hentry","entry","no-media"],"acf":[],"aioseo_notices":[],"_links":{"self":[{"href":"https:\/\/aphroditesamossuites.com\/tr\/wp-json\/wp\/v2\/pages\/454","targetHints":{"allow":["GET"]}}],"collection":[{"href":"https:\/\/aphroditesamossuites.com\/tr\/wp-json\/wp\/v2\/pages"}],"about":[{"href":"https:\/\/aphroditesamossuites.com\/tr\/wp-json\/wp\/v2\/types\/page"}],"author":[{"embeddable":true,"href":"https:\/\/aphroditesamossuites.com\/tr\/wp-json\/wp\/v2\/users\/1"}],"replies":[{"embeddable":true,"href":"https:\/\/aphroditesamossuites.com\/tr\/wp-json\/wp\/v2\/comments?post=454"}],"version-history":[{"count":2,"href":"https:\/\/aphroditesamossuites.com\/tr\/wp-json\/wp\/v2\/pages\/454\/revisions"}],"predecessor-version":[{"id":770,"href":"https:\/\/aphroditesamossuites.com\/tr\/wp-json\/wp\/v2\/pages\/454\/revisions\/770"}],"wp:attachment":[{"href":"https:\/\/aphroditesamossuites.com\/tr\/wp-json\/wp\/v2\/media?parent=454"}],"curies":[{"name":"wp","href":"https:\/\/api.w.org\/{rel}","templated":true}]}}