{"id":470,"date":"2019-12-10T10:46:19","date_gmt":"2019-12-10T08:46:19","guid":{"rendered":"https:\/\/www.samos-hotel.gr\/facilities\/"},"modified":"2026-02-03T09:18:06","modified_gmt":"2026-02-03T07:18:06","slug":"facilities","status":"publish","type":"page","link":"https:\/\/aphroditesamossuites.com\/tr\/facilities\/","title":{"rendered":"Tesisler"},"content":{"rendered":"<p>Aphrodite Samos in a\u00e7\u0131k alan\u0131, misafirlerine son derece konforlu bir konaklama sa\u011flamak i\u00e7in 2018 y\u0131l\u0131nda yenilenmi\u015ftir. Kampos Marathokampos plaj\u0131n\u0131n yan\u0131nda ideal bir konuma sahip olan Aphrodite Samos, son derece uygun fiyatlarla t\u00fcm aile i\u00e7in \u00e7ok \u00e7e\u015fitli tesis ve hizmetler sunmaktad\u0131r. Konuklar havuza dalabilir ve g\u00fcne\u015fte \u00f6p\u00fclen terasta dinlenebilir veya Ege&#8217;nin z\u00fcmr\u00fct sular\u0131nda canland\u0131r\u0131c\u0131 bir y\u00fczmek i\u00e7in sahile y\u00fcr\u00fcyebilir. Gezi planlamas\u0131 i\u00e7in bir dizi d\u00fczenlemeyle ilgilenen otelin konsiyerj hizmetleri, konuklar\u0131n tatillerini en iyi \u015fekilde de\u011ferlendirmelerine yard\u0131mc\u0131 olur.<\/p>\n","protected":false},"excerpt":{"rendered":"<p>Aphrodite Samos in a\u00e7\u0131k alan\u0131, misafirlerine son derece konforlu bir konaklama sa\u011flamak i\u00e7in 2018 y\u0131l\u0131nda yenilenmi\u015ftir. Kampos Marathokampos plaj\u0131n\u0131n yan\u0131nda ideal bir konuma sahip olan Aphrodite Samos, son derece uygun fiyatlarla t\u00fcm aile i\u00e7in \u00e7ok \u00e7e\u015fitli tesis ve hizmetler sunmaktad\u0131r.&hellip;<\/p>\n","protected":false},"author":1,"featured_media":0,"parent":0,"menu_order":0,"comment_status":"closed","ping_status":"closed","template":"kobo\/about.php","meta":{"_acf_changed":false,"footnotes":""},"class_list":["post-470","page","type-page","status-publish","hentry","entry","no-media"],"acf":[],"aioseo_notices":[],"_links":{"self":[{"href":"https:\/\/aphroditesamossuites.com\/tr\/wp-json\/wp\/v2\/pages\/470","targetHints":{"allow":["GET"]}}],"collection":[{"href":"https:\/\/aphroditesamossuites.com\/tr\/wp-json\/wp\/v2\/pages"}],"about":[{"href":"https:\/\/aphroditesamossuites.com\/tr\/wp-json\/wp\/v2\/types\/page"}],"author":[{"embeddable":true,"href":"https:\/\/aphroditesamossuites.com\/tr\/wp-json\/wp\/v2\/users\/1"}],"replies":[{"embeddable":true,"href":"https:\/\/aphroditesamossuites.com\/tr\/wp-json\/wp\/v2\/comments?post=470"}],"version-history":[{"count":8,"href":"https:\/\/aphroditesamossuites.com\/tr\/wp-json\/wp\/v2\/pages\/470\/revisions"}],"predecessor-version":[{"id":865,"href":"https:\/\/aphroditesamossuites.com\/tr\/wp-json\/wp\/v2\/pages\/470\/revisions\/865"}],"wp:attachment":[{"href":"https:\/\/aphroditesamossuites.com\/tr\/wp-json\/wp\/v2\/media?parent=470"}],"curies":[{"name":"wp","href":"https:\/\/api.w.org\/{rel}","templated":true}]}}