{"id":474,"date":"2019-12-10T10:45:41","date_gmt":"2019-12-10T08:45:41","guid":{"rendered":"https:\/\/www.samos-hotel.gr\/accommodation\/"},"modified":"2026-02-03T09:16:49","modified_gmt":"2026-02-03T07:16:49","slug":"accommodation","status":"publish","type":"page","link":"https:\/\/aphroditesamossuites.com\/tr\/accommodation\/","title":{"rendered":"Konaklama"},"content":{"rendered":"<p>Huzurlu bir manzarada bulunan aile dostu Aphrodite Samos Sisam Kampos Marathokampos&#8217;da kaliteli ve uygun fiyatl\u0131 konaklama imkan\u0131 sunmaktad\u0131r. Yunanistan&#8217;\u0131n Sisam adas\u0131nda bulunan Sisam plaj\u0131na yak\u0131n bir konumdaki bu b\u00fcy\u00fcleyici aile dostu konaklama yerinin ho\u015f bir \u015fekilde d\u00f6\u015fenmi\u015f st\u00fcdyo ve apart daireleri t\u00fcm aileniz i\u00e7in tasas\u0131z ve keyifli bir tatil i\u00e7in t\u00fcm konfor ve rahatl\u0131\u011f\u0131 sa\u011flamaktad\u0131r. Sisam Adas\u0131nda bulunan plaja yak\u0131n bir konumdaki Aphrodite St\u00fcdyo ve Apart Daireleri Sisam Kampos Marathokampos&#8217;da kaliteli ve uygun fiyatl\u0131 bir konaklama imkan\u0131 sunmaya devam etmek ve hizmetlerinin kalitesini b\u00fcy\u00fck \u00f6l\u00e7\u00fcde art\u0131rmak amac\u0131yla son y\u0131llarda yap\u0131lan bir\u00e7ok yenilemeyi tamamlanm\u0131\u015ft\u0131r. Buna ilaveten, size en \u00fcst kalitede dinlenme imkan\u0131 sa\u011flamakla birlikte, coco-mat yataklarla muhte\u015fem bir uyku da vaat etmekteyiz. K\u00fc\u00e7\u00fck detaylar ve kaliteye g\u00f6sterdi\u011fi \u00f6zen Aphrodite Samos ay\u0131ran \u00f6zelliktir ve bu da oteli Sisam Adas\u0131nda ideal bir destinasyon yapmaktad\u0131r.<\/p>\n","protected":false},"excerpt":{"rendered":"<p>Huzurlu bir manzarada bulunan aile dostu Aphrodite Samos Sisam Kampos Marathokampos&#8217;da kaliteli ve uygun fiyatl\u0131 konaklama imkan\u0131 sunmaktad\u0131r. Yunanistan&#8217;\u0131n Sisam adas\u0131nda bulunan Sisam plaj\u0131na yak\u0131n bir konumdaki bu b\u00fcy\u00fcleyici aile dostu konaklama yerinin ho\u015f bir \u015fekilde d\u00f6\u015fenmi\u015f st\u00fcdyo ve apart&hellip;<\/p>\n","protected":false},"author":1,"featured_media":0,"parent":0,"menu_order":0,"comment_status":"closed","ping_status":"closed","template":"kobo\/rooms.php","meta":{"_acf_changed":false,"footnotes":""},"class_list":["post-474","page","type-page","status-publish","hentry","entry","no-media"],"acf":[],"aioseo_notices":[],"_links":{"self":[{"href":"https:\/\/aphroditesamossuites.com\/tr\/wp-json\/wp\/v2\/pages\/474","targetHints":{"allow":["GET"]}}],"collection":[{"href":"https:\/\/aphroditesamossuites.com\/tr\/wp-json\/wp\/v2\/pages"}],"about":[{"href":"https:\/\/aphroditesamossuites.com\/tr\/wp-json\/wp\/v2\/types\/page"}],"author":[{"embeddable":true,"href":"https:\/\/aphroditesamossuites.com\/tr\/wp-json\/wp\/v2\/users\/1"}],"replies":[{"embeddable":true,"href":"https:\/\/aphroditesamossuites.com\/tr\/wp-json\/wp\/v2\/comments?post=474"}],"version-history":[{"count":4,"href":"https:\/\/aphroditesamossuites.com\/tr\/wp-json\/wp\/v2\/pages\/474\/revisions"}],"predecessor-version":[{"id":863,"href":"https:\/\/aphroditesamossuites.com\/tr\/wp-json\/wp\/v2\/pages\/474\/revisions\/863"}],"wp:attachment":[{"href":"https:\/\/aphroditesamossuites.com\/tr\/wp-json\/wp\/v2\/media?parent=474"}],"curies":[{"name":"wp","href":"https:\/\/api.w.org\/{rel}","templated":true}]}}