{"id":476,"date":"2019-12-10T10:31:01","date_gmt":"2019-12-10T08:31:01","guid":{"rendered":"https:\/\/www.samos-hotel.gr\/home\/"},"modified":"2026-02-03T09:16:31","modified_gmt":"2026-02-03T07:16:31","slug":"home","status":"publish","type":"page","link":"https:\/\/aphroditesamossuites.com\/tr\/","title":{"rendered":"ANA SAYFA"},"content":{"rendered":"<p>Yunanistan&#8217;\u0131n Sisam adas\u0131nda yer alan Kampos Marathokampos&#8217;ta (ayn\u0131 zamanda Votsalakia olarak da bilinir) bulunan ve ho\u015f kokulu zeytinliklerin ve sahilin yan\u0131nda bol ye\u015fillikler ortas\u0131ndaki Aphrodite Samos evlerinden uzaktaki t\u00fcm misafirlerine bir ev ortam\u0131 sunan harika olanaklar ve \u00e7e\u015fitli hizmetler ile doludur. Sisam&#8217;da huzurlu bir konumda bulunan ve oda kahvalt\u0131 sunan bu uygun aile Daireleri, do\u011fan\u0131n, huzurun ve denizin birle\u015fti\u011fi Kampos Marathokampos plaj\u0131n\u0131n tam yan\u0131nda yer almaktad\u0131r. Yunanistan&#8217;\u0131n b\u00fcy\u00fcleyici Sisam adas\u0131nda bulunan ve g\u00fcne\u015f alan havuzun z\u00fcmr\u00fct rengi sular\u0131na bakan bu aile dostu oda&amp;kahvalt\u0131 st\u00fcdyo ve apart daireleri t\u00fcm konforunu ve konaklaman\u0131z s\u00fcresince ihtiya\u00e7 duyabilece\u011finiz her t\u00fcrl\u00fc imkan\u0131 sunan s\u0131cak bir aile ortam\u0131 sunmaktad\u0131r. Ki\u015fiye \u00f6zel hizmetler ve bilgiler, bu uygun fiyatl\u0131 ger\u00e7ek bir dinlence ve keyif cenneti haline getiriyor.<\/p>\n","protected":false},"excerpt":{"rendered":"<p>Yunanistan&#8217;\u0131n Sisam adas\u0131nda yer alan Kampos Marathokampos&#8217;ta (ayn\u0131 zamanda Votsalakia olarak da bilinir) bulunan ve ho\u015f kokulu zeytinliklerin ve sahilin yan\u0131nda bol ye\u015fillikler ortas\u0131ndaki Aphrodite Samos evlerinden uzaktaki t\u00fcm misafirlerine bir ev ortam\u0131 sunan harika olanaklar ve \u00e7e\u015fitli hizmetler ile&hellip;<\/p>\n","protected":false},"author":1,"featured_media":0,"parent":0,"menu_order":0,"comment_status":"closed","ping_status":"closed","template":"kobo\/home.php","meta":{"_acf_changed":false,"footnotes":""},"class_list":["post-476","page","type-page","status-publish","hentry","entry","no-media"],"acf":[],"aioseo_notices":[],"_links":{"self":[{"href":"https:\/\/aphroditesamossuites.com\/tr\/wp-json\/wp\/v2\/pages\/476","targetHints":{"allow":["GET"]}}],"collection":[{"href":"https:\/\/aphroditesamossuites.com\/tr\/wp-json\/wp\/v2\/pages"}],"about":[{"href":"https:\/\/aphroditesamossuites.com\/tr\/wp-json\/wp\/v2\/types\/page"}],"author":[{"embeddable":true,"href":"https:\/\/aphroditesamossuites.com\/tr\/wp-json\/wp\/v2\/users\/1"}],"replies":[{"embeddable":true,"href":"https:\/\/aphroditesamossuites.com\/tr\/wp-json\/wp\/v2\/comments?post=476"}],"version-history":[{"count":7,"href":"https:\/\/aphroditesamossuites.com\/tr\/wp-json\/wp\/v2\/pages\/476\/revisions"}],"predecessor-version":[{"id":862,"href":"https:\/\/aphroditesamossuites.com\/tr\/wp-json\/wp\/v2\/pages\/476\/revisions\/862"}],"wp:attachment":[{"href":"https:\/\/aphroditesamossuites.com\/tr\/wp-json\/wp\/v2\/media?parent=476"}],"curies":[{"name":"wp","href":"https:\/\/api.w.org\/{rel}","templated":true}]}}